{"id":382,"date":"2016-03-23T16:07:41","date_gmt":"2016-03-23T16:07:41","guid":{"rendered":"https:\/\/theoceancleaner.wordpress.com\/?page_id=382"},"modified":"2016-03-23T16:07:41","modified_gmt":"2016-03-23T16:07:41","slug":"sargassum-recycling","status":"publish","type":"page","link":"https:\/\/theoceancleaner.fr\/es\/sargassum-recycling\/","title":{"rendered":"Sargasses &#8211; Recyclage"},"content":{"rendered":"<h3>Les Sargasses r\u00e9colt\u00e9es en mer peuvent \u00eatre utilis\u00e9es pour:<\/h3>\n<ul>\n<li>produire du Bio-gaz pour alimenter: g\u00e9n\u00e9rateurs d\u2019\u00e9lectricit\u00e9, moteurs de v\u00e9hicules, pompes etc.<\/li>\n<\/ul>\n<p>&nbsp;<\/p>\n<ul>\n<li><img decoding=\"async\" class=\"alignnone size-full wp-image-2448\" src=\"http:\/\/nouveau.theoceancleaner.fr\/wp-content\/uploads\/2020\/09\/biogas-production-the-ocean-cleaner.jpg\" alt=\"\" width=\"787\" height=\"588\" srcset=\"https:\/\/theoceancleaner.fr\/wp-content\/uploads\/2020\/09\/biogas-production-the-ocean-cleaner.jpg 787w, https:\/\/theoceancleaner.fr\/wp-content\/uploads\/2020\/09\/biogas-production-the-ocean-cleaner-300x224.jpg 300w, https:\/\/theoceancleaner.fr\/wp-content\/uploads\/2020\/09\/biogas-production-the-ocean-cleaner-768x574.jpg 768w\" sizes=\"(max-width: 787px) 100vw, 787px\" \/><\/li>\n<\/ul>\n<p>&nbsp;<\/p>\n<ul>\n<li>produire du bio-plastique (info \u00e0 v\u00e9rifier)<\/li>\n<\/ul>\n<h3 style=\"text-align: center;\">Contactez nous !<\/h3>\n<p><img decoding=\"async\" class=\"alignnone wp-image-2543 size-full\" src=\"http:\/\/nouveau.theoceancleaner.fr\/wp-content\/uploads\/2021\/03\/TOC-blc-logo-BBG-mer.png\" alt=\"\" width=\"2248\" height=\"1306\" srcset=\"https:\/\/theoceancleaner.fr\/wp-content\/uploads\/2021\/03\/TOC-blc-logo-BBG-mer.png 2248w, https:\/\/theoceancleaner.fr\/wp-content\/uploads\/2021\/03\/TOC-blc-logo-BBG-mer-300x174.png 300w, https:\/\/theoceancleaner.fr\/wp-content\/uploads\/2021\/03\/TOC-blc-logo-BBG-mer-1024x595.png 1024w, https:\/\/theoceancleaner.fr\/wp-content\/uploads\/2021\/03\/TOC-blc-logo-BBG-mer-768x446.png 768w, https:\/\/theoceancleaner.fr\/wp-content\/uploads\/2021\/03\/TOC-blc-logo-BBG-mer-1536x892.png 1536w, https:\/\/theoceancleaner.fr\/wp-content\/uploads\/2021\/03\/TOC-blc-logo-BBG-mer-2048x1190.png 2048w, https:\/\/theoceancleaner.fr\/wp-content\/uploads\/2021\/03\/TOC-blc-logo-BBG-mer-1568x911.png 1568w\" sizes=\"(max-width: 2248px) 100vw, 2248px\" \/><\/p>","protected":false},"excerpt":{"rendered":"<p>Les Sargasses r\u00e9colt\u00e9es en mer peuvent \u00eatre utilis\u00e9es pour: produire du Bio-gaz pour alimenter: g\u00e9n\u00e9rateurs d\u2019\u00e9lectricit\u00e9, moteurs de v\u00e9hicules, pompes etc. &nbsp; &nbsp; produire du bio-plastique (info \u00e0 v\u00e9rifier) Contactez nous !<\/p>","protected":false},"author":3,"featured_media":0,"parent":0,"menu_order":0,"comment_status":"closed","ping_status":"closed","template":"","meta":{"_et_pb_use_builder":"","_et_pb_old_content":"","_et_gb_content_width":"","_monsterinsights_skip_tracking":false,"_monsterinsights_sitenote_active":false,"_monsterinsights_sitenote_note":"","_monsterinsights_sitenote_category":0,"footnotes":""},"class_list":["post-382","page","type-page","status-publish","hentry"],"aioseo_notices":[],"_links":{"self":[{"href":"https:\/\/theoceancleaner.fr\/es\/wp-json\/wp\/v2\/pages\/382","targetHints":{"allow":["GET"]}}],"collection":[{"href":"https:\/\/theoceancleaner.fr\/es\/wp-json\/wp\/v2\/pages"}],"about":[{"href":"https:\/\/theoceancleaner.fr\/es\/wp-json\/wp\/v2\/types\/page"}],"author":[{"embeddable":true,"href":"https:\/\/theoceancleaner.fr\/es\/wp-json\/wp\/v2\/users\/3"}],"replies":[{"embeddable":true,"href":"https:\/\/theoceancleaner.fr\/es\/wp-json\/wp\/v2\/comments?post=382"}],"version-history":[{"count":0,"href":"https:\/\/theoceancleaner.fr\/es\/wp-json\/wp\/v2\/pages\/382\/revisions"}],"wp:attachment":[{"href":"https:\/\/theoceancleaner.fr\/es\/wp-json\/wp\/v2\/media?parent=382"}],"curies":[{"name":"wp","href":"https:\/\/api.w.org\/{rel}","templated":true}]}}