{"id":998,"date":"2016-04-08T18:22:20","date_gmt":"2016-04-08T22:22:20","guid":{"rendered":"https:\/\/theoceancleaner.wordpress.com\/?page_id=998"},"modified":"2016-04-08T18:22:20","modified_gmt":"2016-04-08T22:22:20","slug":"plastic-pollution-problem-2","status":"publish","type":"page","link":"https:\/\/theoceancleaner.fr\/es\/plastic-pollution-problem-2\/","title":{"rendered":"Pollution Plastique Oc\u00e9ans"},"content":{"rendered":"<h3><span style=\"color: #008080;\">8 Millions de tonnes de plastique sont d\u00e9vers\u00e9es en mer chaque ann\u00e9e. Celles-ci viennent alimenter les cinq \u00e9normes &#8220;Gyres&#8221;, polluant les oc\u00e9ans pour des d\u00e9cennies ! Ainsi s&#8217;alimente le &#8220;7eme Continent&#8221; !<\/span><\/h3>\n<div id=\"attachment_493\" style=\"width: 1034px\" class=\"wp-caption alignnone\"><img decoding=\"async\" aria-describedby=\"caption-attachment-493\" class=\"wp-image-493 size-large\" src=\"http:\/\/theoceancleaner.fr\/wp-content\/uploads\/2016\/04\/5plasticgyres-1024x519.jpg\" alt=\"The plastic 5 gyres on the oceans\" width=\"1024\" height=\"519\" srcset=\"https:\/\/theoceancleaner.fr\/wp-content\/uploads\/2016\/04\/5plasticgyres-1024x519.jpg 1024w, https:\/\/theoceancleaner.fr\/wp-content\/uploads\/2016\/04\/5plasticgyres-300x152.jpg 300w, https:\/\/theoceancleaner.fr\/wp-content\/uploads\/2016\/04\/5plasticgyres-768x389.jpg 768w, https:\/\/theoceancleaner.fr\/wp-content\/uploads\/2016\/04\/5plasticgyres-1536x778.jpg 1536w, https:\/\/theoceancleaner.fr\/wp-content\/uploads\/2016\/04\/5plasticgyres-1568x795.jpg 1568w, https:\/\/theoceancleaner.fr\/wp-content\/uploads\/2016\/04\/5plasticgyres.jpg 1918w\" sizes=\"(max-width: 1024px) 100vw, 1024px\" \/><p id=\"caption-attachment-493\" class=\"wp-caption-text\">The plastic 5 gyres on the oceans<\/p><\/div>\n<p>Nous traitons les oc\u00e9ans comme une poubelle. Environ 80 pour cent des d\u00e9chets marins sont d&#8217;origine terrestre, et la plupart sont en plastique. En 2010, 8 Millions de tonnes de d\u00e9chets plastique ont \u00e9t\u00e9s rejet\u00e9s en mer par les pays c\u00f4tiers. Bien plus que ce total flotte \u00e0 la surface des oc\u00e9ans. Ce plastique qui pollue nos oc\u00e9ans et les cours d&#8217;eau a de graves r\u00e9percussions sur notre environnement et notre \u00e9conomie. Les oiseaux et tortues de mer, les baleines et autres animaux marins ing\u00e8rent nos d\u00e9chets plastique. Ils meurent d&#8217;\u00e9touffement, d&#8217;occlusion intestinale et de la famine dans d\u2019atroces souffrances.<\/p>\n<p>[metaslider id=1867]<\/p>\n<p><strong>Il y a plus de 5,25 miliards de milliards ( 10 puissance 18) de morceaux de d\u00e9chets en plastique dans les oc\u00e9ans du monde, et chaque ann\u00e9e, 8 millions de tonnes sont ajout\u00e9es \u00e0 ce nombre. Cela \u00e9quivaut \u00e0 un camion de d\u00e9chets municipaux qui d\u00e9verse dans l&#8217;eau son contenu CHAQUE MINUTE !<\/strong><\/p>\n<p>[metaslider id=1878]<\/p>\n<p>En raison des difficult\u00e9s \u00e0 travailler sur le montant exact (une grande partie peut avoir coul\u00e9), les scientifiques ont dit que le chiffre r\u00e9el pourrait \u00eatre proche de 12,7 millions de tonnes polluantes qui se retrouvent chaque ann\u00e9e dans les oc\u00e9ans. Ce chiffre devrait augmenter chaque ann\u00e9e. Entre 2010 et 2025, quelque 155 millions de tonnes de plastique pourraient \u00eatre d\u00e9vers\u00e9es dans l&#8217;oc\u00e9an &#8211; assez pour remplir plus de 300 sacs par m\u00e8tre lin\u00e9aire sur le littoral.<span lang=\"en-US\"><br \/>\n<\/span><\/p>\n<p><strong><span lang=\"en-US\">Dr. Jambeck &#8211; Professeure agr\u00e9g\u00e9e au Coll\u00e8ge d&#8217;Ing\u00e9nierie de l&#8217;Universit\u00e9 de G\u00e9orgie, USA &#8211; a d\u00e9clar\u00e9 : &#8220;Une action globale est n\u00e9cessaire pour r\u00e9soudre le probl\u00e8me ! &#8220;<\/span><\/strong><\/p>\n<p>Ellen MacArthur Fondation \u2013 Davos 2016 :<\/p>\n<p><em>&#8220;Des d\u00e9cennies de production de plastique ont d\u00e9j\u00e0 caus\u00e9 des probl\u00e8mes environnementaux. Le rapport indique que chaque ann\u00e9e &#8220;au moins 8 millions de tonnes de mati\u00e8res plastique sont d\u00e9vers\u00e9es dans l&#8217;oc\u00e9an &#8211; ce qui \u00e9quivaut \u00e0 vider le contenu d&#8217;un camion \u00e0 ordures dans l&#8217;oc\u00e9an chaque minute. Si on ne fait rien, ce sera l&#8217;\u00e9quivalent de deux camions par minute en 2030 et quatre par minute en 2050. Dans un sc\u00e9nario o\u00f9 rien n&#8217;est fait pour changer, en 2025, l&#8217;oc\u00e9an devrait contenir 1 tonne de plastique pour 3 tonnes de poissons, et d&#8217;ici 2050, il y aura plus de plastique que le poisson (en poids) &#8220;.<\/em><\/p>\n<h3 style=\"text-align: center;\">Contactez nous !<\/h3>\n<p><img decoding=\"async\" class=\"alignnone wp-image-2543 size-full\" src=\"http:\/\/nouveau.theoceancleaner.fr\/wp-content\/uploads\/2021\/03\/TOC-blc-logo-BBG-mer.png\" alt=\"\" width=\"2248\" height=\"1306\" srcset=\"https:\/\/theoceancleaner.fr\/wp-content\/uploads\/2021\/03\/TOC-blc-logo-BBG-mer.png 2248w, https:\/\/theoceancleaner.fr\/wp-content\/uploads\/2021\/03\/TOC-blc-logo-BBG-mer-300x174.png 300w, https:\/\/theoceancleaner.fr\/wp-content\/uploads\/2021\/03\/TOC-blc-logo-BBG-mer-1024x595.png 1024w, https:\/\/theoceancleaner.fr\/wp-content\/uploads\/2021\/03\/TOC-blc-logo-BBG-mer-768x446.png 768w, https:\/\/theoceancleaner.fr\/wp-content\/uploads\/2021\/03\/TOC-blc-logo-BBG-mer-1536x892.png 1536w, https:\/\/theoceancleaner.fr\/wp-content\/uploads\/2021\/03\/TOC-blc-logo-BBG-mer-2048x1190.png 2048w, https:\/\/theoceancleaner.fr\/wp-content\/uploads\/2021\/03\/TOC-blc-logo-BBG-mer-1568x911.png 1568w\" sizes=\"(max-width: 2248px) 100vw, 2248px\" \/><\/p>\n","protected":false},"excerpt":{"rendered":"<p>8 Millions de tonnes de plastique sont d\u00e9vers\u00e9es en mer chaque ann\u00e9e. Celles-ci viennent alimenter les cinq \u00e9normes &#8220;Gyres&#8221;, polluant les oc\u00e9ans pour des d\u00e9cennies ! Ainsi s&#8217;alimente le &#8220;7eme Continent&#8221; ! Nous traitons les oc\u00e9ans comme une poubelle. Environ 80 pour cent des d\u00e9chets marins sont d&#8217;origine terrestre, et la plupart sont en plastique. [&hellip;]<\/p>\n","protected":false},"author":3,"featured_media":0,"parent":0,"menu_order":0,"comment_status":"closed","ping_status":"closed","template":"","meta":{"_et_pb_use_builder":"","_et_pb_old_content":"","_et_gb_content_width":"","_monsterinsights_skip_tracking":false,"_monsterinsights_sitenote_active":false,"_monsterinsights_sitenote_note":"","_monsterinsights_sitenote_category":0,"footnotes":""},"class_list":["post-998","page","type-page","status-publish","hentry"],"aioseo_notices":[],"_links":{"self":[{"href":"https:\/\/theoceancleaner.fr\/es\/wp-json\/wp\/v2\/pages\/998","targetHints":{"allow":["GET"]}}],"collection":[{"href":"https:\/\/theoceancleaner.fr\/es\/wp-json\/wp\/v2\/pages"}],"about":[{"href":"https:\/\/theoceancleaner.fr\/es\/wp-json\/wp\/v2\/types\/page"}],"author":[{"embeddable":true,"href":"https:\/\/theoceancleaner.fr\/es\/wp-json\/wp\/v2\/users\/3"}],"replies":[{"embeddable":true,"href":"https:\/\/theoceancleaner.fr\/es\/wp-json\/wp\/v2\/comments?post=998"}],"version-history":[{"count":0,"href":"https:\/\/theoceancleaner.fr\/es\/wp-json\/wp\/v2\/pages\/998\/revisions"}],"wp:attachment":[{"href":"https:\/\/theoceancleaner.fr\/es\/wp-json\/wp\/v2\/media?parent=998"}],"curies":[{"name":"wp","href":"https:\/\/api.w.org\/{rel}","templated":true}]}}