{"id":131,"date":"2016-03-18T15:43:41","date_gmt":"2016-03-18T15:43:41","guid":{"rendered":"https:\/\/theoceancleanerboat.wordpress.com\/?page_id=131"},"modified":"2016-03-18T15:43:41","modified_gmt":"2016-03-18T15:43:41","slug":"who-is-brian-lapointe","status":"publish","type":"page","link":"https:\/\/theoceancleaner.fr\/fr\/who-is-brian-lapointe\/","title":{"rendered":"Qui est Brian E. Lapointe ?"},"content":{"rendered":"<p>&nbsp;<\/p>\n<div id=\"attachment_133\" style=\"width: 1210px\" class=\"wp-caption alignnone\"><img decoding=\"async\" aria-describedby=\"caption-attachment-133\" class=\"wp-image-133 size-full\" src=\"http:\/\/nouveau.theoceancleaner.fr\/wp-content\/uploads\/2016\/03\/b-lapointe.jpg\" alt=\"Dr. Brian LAPOINTE Ph. D. support The Ocean Cleaner Sargaboat\" width=\"1200\" height=\"1230\" srcset=\"https:\/\/theoceancleaner.fr\/wp-content\/uploads\/2016\/03\/b-lapointe.jpg 1200w, https:\/\/theoceancleaner.fr\/wp-content\/uploads\/2016\/03\/b-lapointe-293x300.jpg 293w, https:\/\/theoceancleaner.fr\/wp-content\/uploads\/2016\/03\/b-lapointe-999x1024.jpg 999w, https:\/\/theoceancleaner.fr\/wp-content\/uploads\/2016\/03\/b-lapointe-768x787.jpg 768w\" sizes=\"(max-width: 1200px) 100vw, 1200px\" \/><p id=\"caption-attachment-133\" class=\"wp-caption-text\">Dr. Brian LAPOINTE Ph. D. support The Ocean Cleaner Sargaboat<\/p><\/div>\n<p>Chercheur principal<\/p>\n<p><strong>Brian E. Lapointe, Ph.D.<\/strong><br \/>\nChercheur et Professeur<br \/>\n772-242-2276<br \/>\nblapoin1@fau.edu<\/p>\n<p>Les domaines de recherche du Dr Lapointe comprennent la physiologie des algues et la biochimie, \u00e9cologie des algues et des r\u00e9cifs coralliens, l&#8217;eutrophisation, la bio-invasions marines et la conservation du milieu marin.<\/p>\n<p>Il poss\u00e8de une vaste exp\u00e9rience dans la recherche de la qualit\u00e9 de l&#8217;eau dans le sud de la Floride et la r\u00e9gion des Cara\u00efbes. En tant que chef scientifique sur de nombreux projets dans les Cara\u00efbes et exp\u00e9ditions de recherche sur l&#8217;oc\u00e9an Atlantique Nord Ouest, il a accumul\u00e9 une pr\u00e9cieuse exp\u00e9rience de terrain pour \u00e9valuer les relations entre la qualit\u00e9 de l&#8217;eau et la sant\u00e9 des algues tropicales et des r\u00e9cifs coralliens. L\u2019\u00e9tude du Dr Lapointe concernant la qualit\u00e9 de l&#8217;eau des r\u00e9cifs \u00e0 Looe Key\u00a0 dans les Florida Keys d\u00e9montre que ce r\u00e9cif d\u00e9tient le record mondial du plus bas niveau de nutriment. Son travail dans les Keys a conduit \u00e0 une interdiction de phosphate solide et de nouvelles lois d&#8217;\u00c9tat dans le comt\u00e9 de Monroe exigeant une plus grande \u00e9limination des nutriments provenant des rejets d&#8217;eaux us\u00e9es.<\/p>\n<p>Dans les ann\u00e9es 1990, le Dr Lapointe a effectue des recherches en baie de Floride et dans la r\u00e9serve marine nationale des Florida Keys, qui a utilis\u00e9 des nitrog\u00e8nes isotopes stables pour marquer les sources nitrog\u00e8nes, il a \u00e9t\u00e9 le premier \u00e0 d\u00e9montrer l&#8217;importance du nitrog\u00e8ne de l&#8217;agriculture \u00e0 partir de sources du continent dans l&#8217;explosion de la prolif\u00e9ration des algues dans le Keys. Pour l&#8217;Union europ\u00e9enne, Il a d\u00e9velopp\u00e9 le premier programme de surveillance &#8220;ridge-to-reef&#8221; de la qualit\u00e9 de l&#8217;eau \u00e0 Negril, en Jama\u00efque, un mod\u00e8le qui a \u00e9t\u00e9 adopt\u00e9 par les r\u00e9serves marines prot\u00e9g\u00e9es sur toute la r\u00e9gion des Cara\u00efbes. Le Dr Lapointe a inform\u00e9 l&#8217;Agence am\u00e9ricaine de protection de l&#8217;environnement, National Oceanic and Atmospheric Administration, l&#8217;\u00c9tat de la Floride et les autorit\u00e9s du comt\u00e9 de Monroe (Florida Keys), Comt\u00e9 de Palm Beach, Comt\u00e9 de Lee, Bahamas, Tobago, Turks &amp; Caicos, Jama\u00efque, Bonaire, Cura\u00e7ao, Martinique et Sainte-Lucie sur le d\u00e9veloppement des programmes de surveillance de la qualit\u00e9 de l&#8217;eau pour \u00e9valuer les impacts de la pollution terrestre.<\/p>\n<p>La recherche sur les Sargasses du Dr Lapointe a donn\u00e9 de nouvelles id\u00e9es sur l&#8217;\u00e9cologie de cette macro-algues, la mer des Sargasses et la faune qui y est associ\u00e9e, incluant la symbiose avec les poissons juv\u00e9niles et les nutriments fournis par cet habitat.<\/p>\n<p>Source :\u00a0<a href=\"http:\/\/www.fau.edu\/hboi\/meh\/hab.php\" target=\"_blank\" rel=\"noopener noreferrer\">Florida Atlantic Uninersity &#8211; Website &#8211;<\/a><\/p>\n<div id=\"attachment_149\" style=\"width: 669px\" class=\"wp-caption alignnone\"><img decoding=\"async\" aria-describedby=\"caption-attachment-149\" class=\"wp-image-149 size-full\" src=\"http:\/\/nouveau.theoceancleaner.fr\/wp-content\/uploads\/2016\/03\/fau.jpg\" alt=\"HARBOR BRANCH - Florida Atlantic University - Ocean Science for a Better Word - The Ocean Cleaner\" width=\"659\" height=\"86\" srcset=\"https:\/\/theoceancleaner.fr\/wp-content\/uploads\/2016\/03\/fau.jpg 659w, https:\/\/theoceancleaner.fr\/wp-content\/uploads\/2016\/03\/fau-300x39.jpg 300w\" sizes=\"(max-width: 659px) 100vw, 659px\" \/><p id=\"caption-attachment-149\" class=\"wp-caption-text\">HARBOR BRANCH &#8211; Florida Atlantic University &#8211; Ocean Science for a Better Word &#8211; The Ocean Cleaner<\/p><\/div>\n<h3 style=\"text-align: center;\">Contactez nous !<\/h3>\n<p><img decoding=\"async\" class=\"alignnone wp-image-2543 size-full\" src=\"http:\/\/nouveau.theoceancleaner.fr\/wp-content\/uploads\/2021\/03\/TOC-blc-logo-BBG-mer.png\" alt=\"\" width=\"2248\" height=\"1306\" srcset=\"https:\/\/theoceancleaner.fr\/wp-content\/uploads\/2021\/03\/TOC-blc-logo-BBG-mer.png 2248w, https:\/\/theoceancleaner.fr\/wp-content\/uploads\/2021\/03\/TOC-blc-logo-BBG-mer-300x174.png 300w, https:\/\/theoceancleaner.fr\/wp-content\/uploads\/2021\/03\/TOC-blc-logo-BBG-mer-1024x595.png 1024w, https:\/\/theoceancleaner.fr\/wp-content\/uploads\/2021\/03\/TOC-blc-logo-BBG-mer-768x446.png 768w, https:\/\/theoceancleaner.fr\/wp-content\/uploads\/2021\/03\/TOC-blc-logo-BBG-mer-1536x892.png 1536w, https:\/\/theoceancleaner.fr\/wp-content\/uploads\/2021\/03\/TOC-blc-logo-BBG-mer-2048x1190.png 2048w, https:\/\/theoceancleaner.fr\/wp-content\/uploads\/2021\/03\/TOC-blc-logo-BBG-mer-1568x911.png 1568w\" sizes=\"(max-width: 2248px) 100vw, 2248px\" \/><\/p>\n<p><a href=\"http:\/\/theoceancleaner.fr\/fr\/contact-us\/\">\u00a0<\/a><\/p>","protected":false},"excerpt":{"rendered":"<p>&nbsp; Chercheur principal Brian E. Lapointe, Ph.D. Chercheur et Professeur 772-242-2276 blapoin1@fau.edu Les domaines de recherche du Dr Lapointe comprennent la physiologie des algues et la biochimie, \u00e9cologie des algues et des r\u00e9cifs coralliens, l&#8217;eutrophisation, la bio-invasions marines et la conservation du milieu marin. Il poss\u00e8de une vaste exp\u00e9rience dans la recherche de la qualit\u00e9 [&hellip;]<\/p>\n","protected":false},"author":3,"featured_media":0,"parent":0,"menu_order":0,"comment_status":"closed","ping_status":"closed","template":"","meta":{"_et_pb_use_builder":"","_et_pb_old_content":"","_et_gb_content_width":"","_monsterinsights_skip_tracking":false,"_monsterinsights_sitenote_active":false,"_monsterinsights_sitenote_note":"","_monsterinsights_sitenote_category":0,"footnotes":""},"class_list":["post-131","page","type-page","status-publish","hentry"],"aioseo_notices":[],"_links":{"self":[{"href":"https:\/\/theoceancleaner.fr\/fr\/wp-json\/wp\/v2\/pages\/131","targetHints":{"allow":["GET"]}}],"collection":[{"href":"https:\/\/theoceancleaner.fr\/fr\/wp-json\/wp\/v2\/pages"}],"about":[{"href":"https:\/\/theoceancleaner.fr\/fr\/wp-json\/wp\/v2\/types\/page"}],"author":[{"embeddable":true,"href":"https:\/\/theoceancleaner.fr\/fr\/wp-json\/wp\/v2\/users\/3"}],"replies":[{"embeddable":true,"href":"https:\/\/theoceancleaner.fr\/fr\/wp-json\/wp\/v2\/comments?post=131"}],"version-history":[{"count":0,"href":"https:\/\/theoceancleaner.fr\/fr\/wp-json\/wp\/v2\/pages\/131\/revisions"}],"wp:attachment":[{"href":"https:\/\/theoceancleaner.fr\/fr\/wp-json\/wp\/v2\/media?parent=131"}],"curies":[{"name":"wp","href":"https:\/\/api.w.org\/{rel}","templated":true}]}}