{"id":203,"date":"2016-03-20T22:44:37","date_gmt":"2016-03-20T22:44:37","guid":{"rendered":"https:\/\/theoceancleanerboat.wordpress.com\/?page_id=203"},"modified":"2016-03-20T22:44:37","modified_gmt":"2016-03-20T22:44:37","slug":"sargassum-problem","status":"publish","type":"page","link":"https:\/\/theoceancleaner.fr\/fr\/sargassum-problem\/","title":{"rendered":"Invasion des Sargasses"},"content":{"rendered":"<p><img decoding=\"async\" class=\"size-medium wp-image-712\" src=\"http:\/\/theoceancleaner.fr\/wp-content\/uploads\/2016\/04\/brian-lapointe-300x201.jpg\" alt=\"Brian Lapointe Ph D\" width=\"300\" height=\"201\" srcset=\"https:\/\/theoceancleaner.fr\/wp-content\/uploads\/2016\/04\/brian-lapointe-300x201.jpg 300w, https:\/\/theoceancleaner.fr\/wp-content\/uploads\/2016\/04\/brian-lapointe.jpg 635w\" sizes=\"(max-width: 300px) 100vw, 300px\" \/><\/p>\n<p>L&#8217;expert des Sargasses <a href=\"http:\/\/theoceancleaner.fr\/who-is-brian-lapointe\/\" target=\"_blank\" rel=\"noopener noreferrer\">Brian LaPointe, Ph.D.<\/a> et Professeur \u00e0 l&#8217;Institut Oc\u00e9anique de la Florida Atlantic University, a commenc\u00e9 \u00e0 \u00e9tudier ces algues dans les ann\u00e9es 1980.<\/p>\n<p><em>Il dit:<em> \u00abLes amoncellements de Sargasses sur les plages posaient un v\u00e9ritable probl\u00e8me pour l&#8217;industrie du tourisme. Ils ont \u00e9t\u00e9 d\u00e9crits dans un article du New York Times intitul\u00e9\u00ab O\u00f9 est la plage, sous les algues? &#8220;. Non seulement les \u00e9chouages excessifs de Sargasses causent des probl\u00e8mes pour le tourisme, mais ils ont \u00e9galement un impact sur la biodiversit\u00e9, la faune marine et l&#8217;habitat biologique. Il peuvent potentiellement former des \u00abzones mortes\u00bb (hypoxie ou conditions anoxiques) dans les \u00e9cosyst\u00e8mes c\u00f4tiers tels que les mangroves &#8220;.<\/em><\/em><\/p>\n<h3><strong>Les experts sont unanimes sur ces points:<\/strong><\/h3>\n<p><strong><img decoding=\"async\" class=\" size-medium wp-image-210 alignright\" src=\"http:\/\/nouveau.theoceancleaner.fr\/wp-content\/uploads\/2016\/03\/sargassum-cancun.jpg\" alt=\"Sargassum-Cancun\" width=\"300\" height=\"187\" srcset=\"https:\/\/theoceancleaner.fr\/wp-content\/uploads\/2016\/03\/sargassum-cancun.jpg 620w, https:\/\/theoceancleaner.fr\/wp-content\/uploads\/2016\/03\/sargassum-cancun-300x187.jpg 300w\" sizes=\"(max-width: 300px) 100vw, 300px\" \/>1\/<\/strong> L&#8217;invasion de Sargasses n&#8217;est pas naturelle. C&#8217;est une cons\u00e9quence directe de la pollution des rivi\u00e8res et des changements climatiques. Cette invasion a augment\u00e9 chaque ann\u00e9e depuis 2011.<\/p>\n<p><strong>2\/<\/strong> Prises au pi\u00e8ge dans les baies et sur les plages, les Sargasses consomment tout l&#8217;oxyg\u00e8ne et \u00e9touffent des milliers de poissons et autres vies sous-marines avant de mourir.<\/p>\n<p><strong>3\/<\/strong> Les Sargasses meurent et se d\u00e9composent avec une odeur d\u2019\u0153uf pourri. L&#8217;odeur sp\u00e9cifique du sulfure d&#8217;hydrog\u00e8ne &#8220;H\u00b2S&#8221;, un gaz tr\u00e8s toxique (il peut \u00eatre mortel) et inflammable \u00e0 des concentrations \u00e9lev\u00e9es.<\/p>\n<p><strong><img decoding=\"async\" class=\"alignnone size-full wp-image-212\" src=\"http:\/\/nouveau.theoceancleaner.fr\/wp-content\/uploads\/2016\/03\/french-army.jpg\" alt=\"French-Army\" width=\"726\" height=\"400\" srcset=\"https:\/\/theoceancleaner.fr\/wp-content\/uploads\/2016\/03\/french-army.jpg 726w, https:\/\/theoceancleaner.fr\/wp-content\/uploads\/2016\/03\/french-army-300x165.jpg 300w\" sizes=\"(max-width: 726px) 100vw, 726px\" \/><\/strong><\/p>\n<p><strong>4\/<\/strong> L&#8217;accumulation de Sargasses sur les plages peut emp\u00eacher les tortues de mer d&#8217;y acc\u00e9der pour pondre ou quitter la zone de ponte. \u00c9puis\u00e9es ou asphyxi\u00e9es elles en meurent. Tout l&#8217;\u00e9cosyst\u00e8me pi\u00e9g\u00e9 sous le tapis d&#8217;algues en d\u00e9composition meurt aussi.<\/p>\n<p><strong>5\/<\/strong> Les pauvres b\u00e9b\u00e9s tortues ont du mal \u00e0 traverser le mur de Sargasses. Pi\u00e9g\u00e9s et vuln\u00e9rables aux pr\u00e9dateurs naturels, beaucoup meurent emp\u00eatr\u00e9s dans les immenses tapis d&#8217;algues, qui normalement en mer, leur servent de refuge. (Certains \u00abexperts\u00bb disent que vous ne devriez pas toucher aux Sargasses qui sont aussi un refuge pour les tortues de mer et les poissons. Mais si les tortues ne sont plus en mesure d&#8217;atteindre la zone de nidification, et si les b\u00e9b\u00e9s ne peuvent plus atteindre la mer, il n&#8217;y aura plus de tortues de mer ! ).<\/p>\n<p>[metaslider id=1833]<\/p>\n<p><strong>6\/ <\/strong>L&#8217;invasion des Sargasses est devenue la &#8220;nouvelle normalit\u00e9&#8221;!<\/p>\n<p><strong>7\/<\/strong> Le retrait des Sargasses de la plage avec des tracteurs et des machines lourdes d\u00e9truit les nids de tortues et \u00e9rodent les plages par enl\u00e8vement du sable.<\/p>\n<h3>Plus de 20 pays et iles affect\u00e9s par l&#8217;invasion des Sargasses :<\/h3>\n<p>[metaslider id=1848]<\/p>\n<p>Dans certaines \u00eeles, le Sulfure d&#8217;hydrog\u00e8ne provoque des probl\u00e8mes de sant\u00e9 pour les humains et les animaux domestiques. Ce gaz corrosif endommage aussi les appareils \u00e9lectriques, \u00e9lectroniques, climatiseurs etc. L&#8217;oxydation attaque les moteurs des bateaux de p\u00eache, r\u00e9duisant \u00e0 n\u00e9ant la seule activit\u00e9 possible pour certaines populations de ces \u00eeles. Les tracteurs et machines lourdes d\u00e9truisent des nids de tortues de mer et \u00e9rode les plages.<\/p>\n<p><img decoding=\"async\" class=\" size-full wp-image-220 alignleft\" src=\"http:\/\/nouveau.theoceancleaner.fr\/wp-content\/uploads\/2016\/03\/enfants-sargasses.jpg\" alt=\"Children playing in middle of Sargassum\" width=\"500\" height=\"300\" srcset=\"https:\/\/theoceancleaner.fr\/wp-content\/uploads\/2016\/03\/enfants-sargasses.jpg 500w, https:\/\/theoceancleaner.fr\/wp-content\/uploads\/2016\/03\/enfants-sargasses-300x180.jpg 300w\" sizes=\"(max-width: 500px) 100vw, 500px\" \/><\/p>\n<p>La plage est souvent la seule distraction des habitants. Des familles y passent leurs week-ends, laissant les enfants jouer sur des monticules d&#8217;algues de plus de 2m de haut!<\/p>\n<p><strong>Conclusion:\u00a0<\/strong><\/p>\n<p><strong>Les experts sont unanimes: la seule solution est d&#8217;emp\u00eacher les Sargasses d&#8217;arriver sur les plages !<\/strong><\/p>\n<p><strong>Voila pourquoi Denis JIMENEZ a con\u00e7u le &#8220;<a href=\"http:\/\/theoceancleaner.fr\/sargaboat-sargassum-harvester\/\" target=\"_blank\" rel=\"noopener noreferrer\">Sargaboat\u00a9<\/a>&#8221;\u00a0. Le seul bateau r\u00e9colteur approuv\u00e9 par la <a href=\"http:\/\/theoceancleaner.fr\/florida-atlantic-university-support-letter\/\" target=\"_blank\" rel=\"noopener noreferrer\">Florida Atlantic University \u2013 Brian Lapointe Ph. D. HARBOR BRANCH .<\/a><\/strong><\/p>\n<h3 style=\"text-align: center;\"><a href=\"https:\/\/theoceancleaner.fr\/contact-us\/\">Contactez nous !<\/a><\/h3>\n<p><a href=\"https:\/\/theoceancleaner.fr\/contact-us\/\"><img decoding=\"async\" class=\"aligncenter wp-image-2543 size-medium\" src=\"http:\/\/nouveau.theoceancleaner.fr\/wp-content\/uploads\/2021\/03\/TOC-blc-logo-BBG-mer-300x174.png\" alt=\"\" width=\"300\" height=\"174\" srcset=\"https:\/\/theoceancleaner.fr\/wp-content\/uploads\/2021\/03\/TOC-blc-logo-BBG-mer-300x174.png 300w, https:\/\/theoceancleaner.fr\/wp-content\/uploads\/2021\/03\/TOC-blc-logo-BBG-mer-1024x595.png 1024w, https:\/\/theoceancleaner.fr\/wp-content\/uploads\/2021\/03\/TOC-blc-logo-BBG-mer-768x446.png 768w, https:\/\/theoceancleaner.fr\/wp-content\/uploads\/2021\/03\/TOC-blc-logo-BBG-mer-1536x892.png 1536w, https:\/\/theoceancleaner.fr\/wp-content\/uploads\/2021\/03\/TOC-blc-logo-BBG-mer-2048x1190.png 2048w, https:\/\/theoceancleaner.fr\/wp-content\/uploads\/2021\/03\/TOC-blc-logo-BBG-mer-1568x911.png 1568w\" sizes=\"(max-width: 300px) 100vw, 300px\" \/><\/a><\/p>\n","protected":false},"excerpt":{"rendered":"<p>L&#8217;expert des Sargasses Brian LaPointe, Ph.D. et Professeur \u00e0 l&#8217;Institut Oc\u00e9anique de la Florida Atlantic University, a commenc\u00e9 \u00e0 \u00e9tudier ces algues dans les ann\u00e9es 1980. Il dit: \u00abLes amoncellements de Sargasses sur les plages posaient un v\u00e9ritable probl\u00e8me pour l&#8217;industrie du tourisme. Ils ont \u00e9t\u00e9 d\u00e9crits dans un article du New York Times intitul\u00e9\u00ab [&hellip;]<\/p>\n","protected":false},"author":3,"featured_media":0,"parent":0,"menu_order":0,"comment_status":"closed","ping_status":"closed","template":"","meta":{"_et_pb_use_builder":"","_et_pb_old_content":"","_et_gb_content_width":"","_monsterinsights_skip_tracking":false,"_monsterinsights_sitenote_active":false,"_monsterinsights_sitenote_note":"","_monsterinsights_sitenote_category":0,"footnotes":""},"class_list":["post-203","page","type-page","status-publish","hentry"],"aioseo_notices":[],"_links":{"self":[{"href":"https:\/\/theoceancleaner.fr\/fr\/wp-json\/wp\/v2\/pages\/203","targetHints":{"allow":["GET"]}}],"collection":[{"href":"https:\/\/theoceancleaner.fr\/fr\/wp-json\/wp\/v2\/pages"}],"about":[{"href":"https:\/\/theoceancleaner.fr\/fr\/wp-json\/wp\/v2\/types\/page"}],"author":[{"embeddable":true,"href":"https:\/\/theoceancleaner.fr\/fr\/wp-json\/wp\/v2\/users\/3"}],"replies":[{"embeddable":true,"href":"https:\/\/theoceancleaner.fr\/fr\/wp-json\/wp\/v2\/comments?post=203"}],"version-history":[{"count":0,"href":"https:\/\/theoceancleaner.fr\/fr\/wp-json\/wp\/v2\/pages\/203\/revisions"}],"wp:attachment":[{"href":"https:\/\/theoceancleaner.fr\/fr\/wp-json\/wp\/v2\/media?parent=203"}],"curies":[{"name":"wp","href":"https:\/\/api.w.org\/{rel}","templated":true}]}}