{"id":2450,"date":"2020-09-24T07:13:48","date_gmt":"2020-09-24T07:13:48","guid":{"rendered":"http:\/\/theoceancleaner.fr\/?page_id=2450"},"modified":"2024-11-06T17:05:59","modified_gmt":"2024-11-06T16:05:59","slug":"sargassum-monitoring","status":"publish","type":"page","link":"https:\/\/theoceancleaner.fr\/fr\/sargassum-monitoring\/","title":{"rendered":"Sargassum Monitoring"},"content":{"rendered":"<p>[et_pb_section fb_built=&#8221;1&#8243; admin_label=&#8221;section&#8221; _builder_version=&#8221;4.16&#8243; da_disable_devices=&#8221;off|off|off&#8221; global_colors_info=&#8221;{}&#8221; da_is_popup=&#8221;off&#8221; da_exit_intent=&#8221;off&#8221; da_has_close=&#8221;on&#8221; da_alt_close=&#8221;off&#8221; da_dark_close=&#8221;off&#8221; da_not_modal=&#8221;on&#8221; da_is_singular=&#8221;off&#8221; da_with_loader=&#8221;off&#8221; da_has_shadow=&#8221;on&#8221;][et_pb_row admin_label=&#8221;row&#8221; _builder_version=&#8221;4.16&#8243; background_size=&#8221;initial&#8221; background_position=&#8221;top_left&#8221; background_repeat=&#8221;repeat&#8221; global_colors_info=&#8221;{}&#8221;][et_pb_column type=&#8221;4_4&#8243; _builder_version=&#8221;4.16&#8243; custom_padding=&#8221;|||&#8221; global_colors_info=&#8221;{}&#8221; custom_padding__hover=&#8221;|||&#8221;][et_pb_text admin_label=&#8221;Text&#8221; _builder_version=&#8221;4.27.2&#8243; background_size=&#8221;initial&#8221; background_position=&#8221;top_left&#8221; background_repeat=&#8221;repeat&#8221; link_option_url=&#8221;https:\/\/sargassummonitoring.com\/en\/&#8221; link_option_url_new_window=&#8221;on&#8221; hover_enabled=&#8221;0&#8243; global_colors_info=&#8221;{}&#8221; sticky_enabled=&#8221;0&#8243;]<\/p>\n<p><strong><span class=\"\">We use Sargassum Monitoring\u00a9, a nonprofit organization that has been publishing official maps and forecasts of areas affected by sargassum since 2018. This gives us access to a unique and extensive database of regularly impacted sites, allowing us to target the beaches where our floating barriers and the Sargaboat\u00ae are needed.<br \/><\/span><\/strong><\/p>\n<p><strong>The Sargassum Monitoring\u00a9 maps are unique because: \u2013 They are the only maps covering ALL countries affected by sargassum. \u2013 They are updated multiple times a day. \u2013 They are the only maps to provide photos, videos, and dates for each impacted site, offering a view of the REAL situation. \u2013 The organization is entirely independent, which allows them to provide reliable images and information, useful to tourists planning their vacations, journalists, tour operators, scientists, universities, and governments looking\u00a0for\u00a0solutions.<\/strong><\/p>\n<p><strong>Don&#8217;t hesitate to send them your donations !<\/strong><\/p>\n<p><a href=\"http:\/\/sargassummonitoring.com\/\" target=\"_blank\" rel=\"noopener noreferrer\">Click on the image to access Sargassum Monitoring<\/a><\/p>\n<p>[\/et_pb_text][et_pb_image src=&#8221;https:\/\/theoceancleaner.fr\/wp-content\/uploads\/2024\/11\/sargassum-monitoring-monitoreo-de-sargazo-surveillance-des-sargasses.png&#8221; url=&#8221;https:\/\/sargassummonitoring.com\/en\/&#8221; url_new_window=&#8221;on&#8221; _builder_version=&#8221;4.27.2&#8243; _module_preset=&#8221;default&#8221; global_colors_info=&#8221;{}&#8221;][\/et_pb_image][\/et_pb_column][\/et_pb_row][\/et_pb_section][et_pb_section fb_built=&#8221;1&#8243; _builder_version=&#8221;4.27.2&#8243; _module_preset=&#8221;default&#8221; da_disable_devices=&#8221;off|off|off&#8221; global_colors_info=&#8221;{}&#8221; da_is_popup=&#8221;off&#8221; da_exit_intent=&#8221;off&#8221; da_has_close=&#8221;on&#8221; da_alt_close=&#8221;off&#8221; da_dark_close=&#8221;off&#8221; da_not_modal=&#8221;on&#8221; da_is_singular=&#8221;off&#8221; da_with_loader=&#8221;off&#8221; da_has_shadow=&#8221;on&#8221;][et_pb_row _builder_version=&#8221;4.27.2&#8243; _module_preset=&#8221;default&#8221; global_colors_info=&#8221;{}&#8221;][et_pb_column type=&#8221;4_4&#8243; _builder_version=&#8221;4.27.2&#8243; _module_preset=&#8221;default&#8221; global_colors_info=&#8221;{}&#8221;][\/et_pb_column][\/et_pb_row][\/et_pb_section]<\/p>\n","protected":false},"excerpt":{"rendered":"<p>We use Sargassum Monitoring\u00a9, a nonprofit organization that has been publishing official maps and forecasts of areas affected by sargassum since 2018. This gives us access to a unique and extensive database of regularly impacted sites, allowing us to target the beaches where our floating barriers and the Sargaboat\u00ae are needed. The Sargassum Monitoring\u00a9 maps [&hellip;]<\/p>\n","protected":false},"author":3,"featured_media":0,"parent":0,"menu_order":0,"comment_status":"closed","ping_status":"closed","template":"","meta":{"_et_pb_use_builder":"on","_et_pb_old_content":"<span class=\"\"><b>Nous travaillons en collaboration avec Sargassum Monitoring\u00a9, qui \u00e9dite les cartes officielles des zones impact\u00e9es par les sargasses depuis 2018. Cela nous permet d'avoir une tr\u00e8s importante base de donn\u00e9es, qui permet un historique sur les lieux touch\u00e9s par les sargasses.<\/b><\/span><strong><span class=\"\">\u00a0<\/span><\/strong>\n\n<strong>Leurs cartes sont uniques car:<\/strong>\n<strong>- Elles sont les seules \u00e0 couvrir TOUS les pays impact\u00e9s par les sargasses.<\/strong>\n<strong>- Elles sont mises \u00e0 jour tous les jours, plusieurs fois par jour.<\/strong>\n<strong>- Ce sont les seules cartes \u00e0 fournir des photos \/ vid\u00e9os et des dates pour chaque lieu impact\u00e9, ce qui permet de se faire une opinion de la situation R\u00c9ELLE.<\/strong>\n<strong>- Leur \u00e9quipe est totalement ind\u00e9pendante. <\/strong><strong><span class=\"\">Cette ind\u00e9pendance leur permet d'\u00eatre les seuls \u00e0 fournir de vraies images et de vraies informations utilisables par les touristes qui souhaitent organiser leurs vacances, les journalistes, les voyagistes, les scientifiques, les universit\u00e9s et les gouvernements \u00e0 la recherche de solutions.<\/span><\/strong>\n\n<a href=\"http:\/\/sargassummonitoring.com\/\" target=\"_blank\" rel=\"noopener noreferrer\">Cliquez sur l'image pour acc\u00e9der a Sargassum Monitoring<\/a><a href=\"http:\/\/sargassummonitoring.com\/\" target=\"_blank\" rel=\"noopener noreferrer\"><img class=\"alignnone wp-image-2451 size-full\" src=\"http:\/\/nouveau.theoceancleaner.fr\/wp-content\/uploads\/2020\/09\/2020-sargass-impacted.png\" alt=\"Sargassum Monitoring\" width=\"644\" height=\"484\" \/><\/a>","_et_gb_content_width":"","_monsterinsights_skip_tracking":false,"_monsterinsights_sitenote_active":false,"_monsterinsights_sitenote_note":"","_monsterinsights_sitenote_category":0,"footnotes":""},"class_list":["post-2450","page","type-page","status-publish","hentry"],"aioseo_notices":[],"_links":{"self":[{"href":"https:\/\/theoceancleaner.fr\/fr\/wp-json\/wp\/v2\/pages\/2450","targetHints":{"allow":["GET"]}}],"collection":[{"href":"https:\/\/theoceancleaner.fr\/fr\/wp-json\/wp\/v2\/pages"}],"about":[{"href":"https:\/\/theoceancleaner.fr\/fr\/wp-json\/wp\/v2\/types\/page"}],"author":[{"embeddable":true,"href":"https:\/\/theoceancleaner.fr\/fr\/wp-json\/wp\/v2\/users\/3"}],"replies":[{"embeddable":true,"href":"https:\/\/theoceancleaner.fr\/fr\/wp-json\/wp\/v2\/comments?post=2450"}],"version-history":[{"count":4,"href":"https:\/\/theoceancleaner.fr\/fr\/wp-json\/wp\/v2\/pages\/2450\/revisions"}],"predecessor-version":[{"id":3597,"href":"https:\/\/theoceancleaner.fr\/fr\/wp-json\/wp\/v2\/pages\/2450\/revisions\/3597"}],"wp:attachment":[{"href":"https:\/\/theoceancleaner.fr\/fr\/wp-json\/wp\/v2\/media?parent=2450"}],"curies":[{"name":"wp","href":"https:\/\/api.w.org\/{rel}","templated":true}]}}