{"id":25,"date":"2016-03-17T17:08:10","date_gmt":"2016-03-17T17:08:10","guid":{"rendered":"https:\/\/theoceancleanerboat.wordpress.com\/?page_id=25"},"modified":"2022-02-16T15:44:06","modified_gmt":"2022-02-16T14:44:06","slug":"florida-atlantic-university-support-letter","status":"publish","type":"page","link":"https:\/\/theoceancleaner.fr\/fr\/florida-atlantic-university-support-letter\/","title":{"rendered":"Florida Atlantic University"},"content":{"rendered":"<p>[et_pb_section fb_built=&#8221;1&#8243; fullwidth=&#8221;on&#8221; admin_label=&#8221;Hero Section&#8221; _builder_version=&#8221;4.14.6&#8243; background_color=&#8221;#233b4e&#8221; parallax=&#8221;on&#8221; custom_padding=&#8221;0px|0px|0px|0px&#8221; da_disable_devices=&#8221;off|off|off&#8221; locked=&#8221;off&#8221; global_colors_info=&#8221;{}&#8221; da_is_popup=&#8221;off&#8221; da_exit_intent=&#8221;off&#8221; da_has_close=&#8221;on&#8221; da_alt_close=&#8221;off&#8221; da_dark_close=&#8221;off&#8221; da_not_modal=&#8221;on&#8221; da_is_singular=&#8221;off&#8221; da_with_loader=&#8221;off&#8221; da_has_shadow=&#8221;on&#8221;][et_pb_fullwidth_header title=&#8221;FLORIDA ATLANTIC UNIVERSITY&#8221; subhead=&#8221;Approves and supports the project of Denis JIMENEZ and The Ocean Cleaner&#8221; header_fullscreen=&#8221;on&#8221; background_overlay_color=&#8221;rgba(29,38,51,0.3)&#8221; content_max_width=&#8221;550px&#8221; admin_label=&#8221;Hero&#8221; _builder_version=&#8221;4.14.7&#8243; title_font=&#8221;Oswald|on||on|&#8221; title_font_size=&#8221;80px&#8221; title_line_height=&#8221;1.3em&#8221; content_font=&#8221;Roboto||||&#8221; content_font_size=&#8221;20px&#8221; content_line_height=&#8221;2.4em&#8221; subhead_font=&#8221;|700|||||||&#8221; subhead_font_size=&#8221;26px&#8221; subhead_line_height=&#8221;1.3em&#8221; background_color=&#8221;rgba(255, 255, 255, 0)&#8221; background_image=&#8221;https:\/\/theoceancleaner.fr\/wp-content\/uploads\/2016\/03\/b-lapointe.jpg&#8221; parallax=&#8221;on&#8221; parallax_method=&#8221;on&#8221; custom_button_one=&#8221;on&#8221; button_one_border_radius=&#8221;0px&#8221; button_one_letter_spacing=&#8221;4px&#8221; button_one_font=&#8221;Oswald|on||on|&#8221; button_one_icon=&#8221;&#x24;||divi||400&#8243; button_one_icon_color=&#8221;#ffffff&#8221; animation_direction=&#8221;bottom&#8221; title_font_size_tablet=&#8221;80px&#8221; title_font_size_phone=&#8221;50px&#8221; title_font_size_last_edited=&#8221;on|phone&#8221; subhead_font_size_tablet=&#8221;26px&#8221; subhead_font_size_phone=&#8221;20px&#8221; subhead_font_size_last_edited=&#8221;on|phone&#8221; button_one_text_color_hover=&#8221;#ffffff&#8221; button_one_border_color_hover=&#8221;#ffffff&#8221; button_one_border_radius_hover=&#8221;0px&#8221; button_one_letter_spacing_hover=&#8221;4px&#8221; button_one_bg_color_hover=&#8221;rgba(0,0,0,0)&#8221; global_colors_info=&#8221;{}&#8221; button_one_text_size__hover_enabled=&#8221;off&#8221; button_two_text_size__hover_enabled=&#8221;off&#8221; button_one_text_color__hover_enabled=&#8221;on&#8221; button_one_text_color__hover=&#8221;#ffffff&#8221; button_two_text_color__hover_enabled=&#8221;off&#8221; button_one_border_width__hover_enabled=&#8221;off&#8221; button_two_border_width__hover_enabled=&#8221;off&#8221; button_one_border_color__hover_enabled=&#8221;on&#8221; button_one_border_color__hover=&#8221;#ffffff&#8221; button_two_border_color__hover_enabled=&#8221;off&#8221; button_one_border_radius__hover_enabled=&#8221;on&#8221; button_one_border_radius__hover=&#8221;0px&#8221; button_two_border_radius__hover_enabled=&#8221;off&#8221; button_one_letter_spacing__hover_enabled=&#8221;on&#8221; button_one_letter_spacing__hover=&#8221;4px&#8221; button_two_letter_spacing__hover_enabled=&#8221;off&#8221; button_one_bg_color__hover_enabled=&#8221;on&#8221; button_one_bg_color__hover=&#8221;rgba(0,0,0,0)&#8221; button_two_bg_color__hover_enabled=&#8221;off&#8221;][\/et_pb_fullwidth_header][\/et_pb_section][et_pb_section fb_built=&#8221;1&#8243; admin_label=&#8221;section&#8221; _builder_version=&#8221;3.22&#8243; da_disable_devices=&#8221;off|off|off&#8221; global_colors_info=&#8221;{}&#8221; da_is_popup=&#8221;off&#8221; da_exit_intent=&#8221;off&#8221; da_has_close=&#8221;on&#8221; da_alt_close=&#8221;off&#8221; da_dark_close=&#8221;off&#8221; da_not_modal=&#8221;on&#8221; da_is_singular=&#8221;off&#8221; da_with_loader=&#8221;off&#8221; da_has_shadow=&#8221;on&#8221;][et_pb_row admin_label=&#8221;row&#8221; _builder_version=&#8221;3.25&#8243; background_size=&#8221;initial&#8221; background_position=&#8221;top_left&#8221; background_repeat=&#8221;repeat&#8221; global_colors_info=&#8221;{}&#8221;][et_pb_column type=&#8221;4_4&#8243; _builder_version=&#8221;3.25&#8243; custom_padding=&#8221;|||&#8221; global_colors_info=&#8221;{}&#8221; custom_padding__hover=&#8221;|||&#8221;][et_pb_image src=&#8221;https:\/\/theoceancleaner.fr\/wp-content\/uploads\/2016\/03\/B-L-letter.jpg&#8221; alt=&#8221;Support letter from Brian LAPOINTE &#8211; Harbor Branch &#8211; Florida Atlantic University&#8221; title_text=&#8221;Support letter from Brian LAPOINTE &#8211; Harbor Branch &#8211; Florida Atlantic University&#8221; align=&#8221;center&#8221; _builder_version=&#8221;4.14.7&#8243; _module_preset=&#8221;default&#8221; global_colors_info=&#8221;{}&#8221;][\/et_pb_image][et_pb_video src=&#8221;https:\/\/youtu.be\/1jKMmmB4lkc&#8221; image_src=&#8221;\/\/i.ytimg.com\/vi\/1jKMmmB4lkc\/hqdefault.jpg&#8221; _builder_version=&#8221;4.14.7&#8243; _module_preset=&#8221;default&#8221; max_width=&#8221;60%&#8221; max_width_tablet=&#8221;100%&#8221; max_width_phone=&#8221;100%&#8221; max_width_last_edited=&#8221;on|desktop&#8221; module_alignment=&#8221;center&#8221; custom_margin=&#8221;||100px|||&#8221; global_colors_info=&#8221;{}&#8221;][\/et_pb_video][et_pb_text admin_label=&#8221;Text&#8221; _builder_version=&#8221;4.14.7&#8243; text_font=&#8221;Roboto||||&#8221; text_font_size=&#8221;16px&#8221; text_line_height=&#8221;1.9em&#8221; background_size=&#8221;initial&#8221; background_position=&#8221;top_left&#8221; background_repeat=&#8221;repeat&#8221; global_colors_info=&#8221;{}&#8221;]<\/p>\n<p><span>Dr. Lapointe&#8217;s research areas include algae physiology and biochemistry, algae and coral reef ecology, eutrophication, marine bio-invasions and marine environment conservation.<\/span><\/p>\n<p><span>He has extensive experience in researching water quality in South Florida and the Caribbean region. <span class=\"\">As Chief Scientist on numerous projects in the Caribbean and research expeditions to the Northwest Atlantic Ocean, he has accumulated valuable field experience to assess the relationships between water quality and tropical algae health and coral reefs. <\/span>Dr. Lapointe&#8217;s study of reef water quality at Looe Key in the Florida Keys shows that this reef holds the world record for the lowest nutrient level. His work in the Keys led to a solid phosphate ban and new state laws in County Monroe requiring greater removal of nutrients from sewage discharge.<\/span><\/p>\n<p><span>In the 1990s, Dr. Lapointe carried out research in Florida Bay and the Florida Keys National Marine Reserve, which used stable nitrogen isotopes to label nitrogen sources, he was the first to demonstrate the importance of nitrogen from agriculture from mainland sources in the explosion of algae blooms in the Keys. For the European Union, he developed the first ridge-to-reef water quality monitoring program in Negril, Jamaica, a model that has been adopted by marine protected reserves across the region. Caribbean. Dr. Lapointe informed the United States Environmental Protection Agency, National Oceanic and Atmospheric Administration, State of Florida, and authorities in Monroe County (Florida Keys), Palm Beach County,<\/span><\/p>\n<p><span>Dr. Lapointe&#8217;s research on Sargassum has given new ideas on the ecology of this macroalgae, the Sargasso Sea and associated fauna, including the symbiosis with juvenile fish and the nutrients provided by this habitat.<\/span><\/p>\n<p><span>Source:\u00a0 <\/span><a href=\"http:\/\/www.fau.edu\/hboi\/meh\/hab.php\" target=\"_blank\" rel=\"noopener noreferrer\"><span>Florida Atlantic Uninersity &#8211; Website<\/span><\/a><span><\/span><\/p>\n<p>[\/et_pb_text][\/et_pb_column][\/et_pb_row][\/et_pb_section][et_pb_section fb_built=&#8221;1&#8243; admin_label=&#8221;Section&#8221; _builder_version=&#8221;4.14.6&#8243; _module_preset=&#8221;default&#8221; background_color=&#8221;#45e2d9&#8243; custom_padding=&#8221;0px||0px|||&#8221; da_disable_devices=&#8221;off|off|off&#8221; global_module=&#8221;3022&#8243; saved_tabs=&#8221;all&#8221; global_colors_info=&#8221;{}&#8221; da_is_popup=&#8221;off&#8221; da_exit_intent=&#8221;off&#8221; da_has_close=&#8221;on&#8221; da_alt_close=&#8221;off&#8221; da_dark_close=&#8221;off&#8221; da_not_modal=&#8221;on&#8221; da_is_singular=&#8221;off&#8221; da_with_loader=&#8221;off&#8221; da_has_shadow=&#8221;on&#8221;][et_pb_row column_structure=&#8221;3_5,2_5&#8243; _builder_version=&#8221;4.14.6&#8243; _module_preset=&#8221;default&#8221; global_colors_info=&#8221;{}&#8221;][et_pb_column type=&#8221;3_5&#8243; _builder_version=&#8221;4.14.6&#8243; _module_preset=&#8221;default&#8221; global_colors_info=&#8221;{}&#8221;][et_pb_text _builder_version=&#8221;4.14.6&#8243; _module_preset=&#8221;default&#8221; header_3_font=&#8221;|700|||||||&#8221; header_3_text_align=&#8221;right&#8221; header_3_font_size=&#8221;36px&#8221; header_3_line_height=&#8221;1.3em&#8221; background_layout=&#8221;dark&#8221; global_colors_info=&#8221;{}&#8221;]<\/p>\n<h3>LET US HELP YOU<br \/>WITH YOUR SOLUTION<br \/><span style=\"color: #2a4177;\">THE OCEAN CLEANER.<\/span><\/h3>\n<p>[\/et_pb_text][\/et_pb_column][et_pb_column type=&#8221;2_5&#8243; _builder_version=&#8221;4.14.6&#8243; _module_preset=&#8221;default&#8221; positioning=&#8221;absolute&#8221; position_origin_a=&#8221;bottom_right&#8221; position_origin_f=&#8221;center_right&#8221; vertical_offset=&#8221;40px&#8221; horizontal_offset=&#8221;0px&#8221; position_origin_a_tablet=&#8221;&#8221; position_origin_a_phone=&#8221;&#8221; position_origin_a_last_edited=&#8221;on|desktop&#8221; position_origin_f_tablet=&#8221;&#8221; position_origin_f_phone=&#8221;&#8221; position_origin_f_last_edited=&#8221;on|desktop&#8221; position_origin_r_tablet=&#8221;&#8221; position_origin_r_phone=&#8221;&#8221; position_origin_r_last_edited=&#8221;on|desktop&#8221; positioning_tablet=&#8221;none&#8221; positioning_phone=&#8221;none&#8221; positioning_last_edited=&#8221;on|tablet&#8221; global_colors_info=&#8221;{}&#8221;][et_pb_button button_url=&#8221;@ET-DC@eyJkeW5hbWljIjp0cnVlLCJjb250ZW50IjoicG9zdF9saW5rX3VybF9wYWdlIiwic2V0dGluZ3MiOnsicG9zdF9pZCI6IjEzMjYifX0=@&#8221; button_text=&#8221;Contact Us&#8221; button_alignment=&#8221;left&#8221; button_alignment_tablet=&#8221;right&#8221; button_alignment_phone=&#8221;right&#8221; button_alignment_last_edited=&#8221;on|phone&#8221; _builder_version=&#8221;4.14.6&#8243; _dynamic_attributes=&#8221;button_url&#8221; custom_button=&#8221;on&#8221; button_text_color=&#8221;#ffffff&#8221; button_border_radius=&#8221;0px&#8221; button_letter_spacing=&#8221;4px&#8221; button_font=&#8221;Oswald|on||on|&#8221; button_icon=&#8221;&#x24;||divi||400&#8243; button_icon_color=&#8221;#ffffff&#8221; vertical_offset=&#8221;26px&#8221; position_origin_a_tablet=&#8221;&#8221; position_origin_a_phone=&#8221;&#8221; position_origin_a_last_edited=&#8221;on|phone&#8221; position_origin_f_tablet=&#8221;&#8221; position_origin_f_phone=&#8221;&#8221; position_origin_f_last_edited=&#8221;on|phone&#8221; position_origin_r_tablet=&#8221;&#8221; position_origin_r_phone=&#8221;&#8221; position_origin_r_last_edited=&#8221;on|phone&#8221; background_layout=&#8221;dark&#8221; custom_margin_last_edited=&#8221;off|phone&#8221; custom_padding=&#8221;||||false|false&#8221; animation_style=&#8221;zoom&#8221; animation_delay=&#8221;400ms&#8221; animation_intensity_zoom=&#8221;20%&#8221; positioning_tablet=&#8221;&#8221; positioning_phone=&#8221;none&#8221; positioning_last_edited=&#8221;on|phone&#8221; button_border_color_hover=&#8221;#ffffff&#8221; button_border_radius_hover=&#8221;0px&#8221; button_letter_spacing_hover=&#8221;4px&#8221; button_bg_color_hover=&#8221;rgba(0,0,0,0)&#8221; locked=&#8221;off&#8221; global_colors_info=&#8221;{}&#8221; button_text_size__hover_enabled=&#8221;off&#8221; button_one_text_size__hover_enabled=&#8221;off&#8221; button_two_text_size__hover_enabled=&#8221;off&#8221; button_text_color__hover_enabled=&#8221;off&#8221; button_one_text_color__hover_enabled=&#8221;off&#8221; button_two_text_color__hover_enabled=&#8221;off&#8221; button_border_width__hover_enabled=&#8221;off&#8221; button_one_border_width__hover_enabled=&#8221;off&#8221; button_two_border_width__hover_enabled=&#8221;off&#8221; button_border_color__hover_enabled=&#8221;on&#8221; button_border_color__hover=&#8221;#ffffff&#8221; button_one_border_color__hover_enabled=&#8221;off&#8221; button_two_border_color__hover_enabled=&#8221;off&#8221; button_border_radius__hover_enabled=&#8221;on&#8221; button_border_radius__hover=&#8221;0px&#8221; button_one_border_radius__hover_enabled=&#8221;off&#8221; button_two_border_radius__hover_enabled=&#8221;off&#8221; button_letter_spacing__hover_enabled=&#8221;on&#8221; button_letter_spacing__hover=&#8221;4px&#8221; button_one_letter_spacing__hover_enabled=&#8221;off&#8221; button_two_letter_spacing__hover_enabled=&#8221;off&#8221; button_bg_color__hover_enabled=&#8221;on&#8221; button_bg_color__hover=&#8221;rgba(0,0,0,0)&#8221; button_one_bg_color__hover_enabled=&#8221;off&#8221; button_two_bg_color__hover_enabled=&#8221;off&#8221;][\/et_pb_button][\/et_pb_column][\/et_pb_row][\/et_pb_section]<\/p>\n","protected":false},"excerpt":{"rendered":"<p>Dr. Lapointe&#8217;s research areas include algae physiology and biochemistry, algae and coral reef ecology, eutrophication, marine bio-invasions and marine environment conservation. He has extensive experience in researching water quality in South Florida and the Caribbean region. As Chief Scientist on numerous projects in the Caribbean and research expeditions to the Northwest Atlantic Ocean, he has [&hellip;]<\/p>\n","protected":false},"author":3,"featured_media":0,"parent":0,"menu_order":0,"comment_status":"closed","ping_status":"closed","template":"","meta":{"_et_pb_use_builder":"on","_et_pb_old_content":"<strong>F<\/strong>LORIDA <strong>A<\/strong>TLANTIC <strong>U<\/strong>NIVERSITY approuve et supporte le projet de Denis JIMENEZ.\n\n(voir traduction en bas de page)\n\n<img class=\"wp-image-1346 size-full\" src=\"http:\/\/nouveau.theoceancleaner.fr\/wp-content\/uploads\/2016\/03\/B-L-letter.jpg\" alt=\"Support letter from Brian LAPOINTE - Harbor Branch - Florida Atlantic University\" width=\"668\" height=\"952\" \/>\n\n<em>\"Mon nom est Brian E. Lapointe et je suis Professeur de recherche \u00e0 la Florida Atlantic University \u2013 Harbor Branch -\u00a0 Institut oc\u00e9anographique, \u00e0 Fort Pierce, Floride, \u00c9tats-Unis. Mes int\u00e9r\u00eats de recherche portent sur la physiologie et la biochimie des algues, les herbiers et l\u2019\u00e9tude des r\u00e9cifs coralliens, l'eutrophisation, les invasions biologiques marines et la conservation des milieux marins. J\u2019\u00e9tudie l\u2019algue brune flottante appel\u00e9e Sargasses de plus de 35 ans, je suis profond\u00e9ment pr\u00e9occup\u00e9 par la prolif\u00e9ration continue de ces Sargasses dans la r\u00e9gion des Cara\u00efbes. Les \u00e9chouages massifs de Sargasses ont des effets n\u00e9gatifs sur la sant\u00e9 des \u00e9cosyst\u00e8mes c\u00f4tiers et la population humaine, avec un impact sur l'industrie touristique r\u00e9gionale et sur l'\u00e9conomie.<\/em>\n\n<em>Mes observations de l\u2019excessive\u00a0 biomasse de sargasses sur les plages des Cara\u00efbes me conduisent \u00e0 conclure que l'une des meilleures fa\u00e7ons de mod\u00e9rer ce probl\u00e8me consiste \u00e0 r\u00e9colter les sargasses en mer avant qu'elles n\u2019\u00e9chouent \u00e0 terre. J'ai examin\u00e9 diff\u00e9rentes propositions de collecte, et j\u2019ai eu l'occasion d'examiner le projet propos\u00e9 par Denis Jimenez, un dessinateur de bateau qui a d\u00e9velopp\u00e9 un concept pour collecter les sargasses et d'autres d\u00e9bris flottants en mer ou le long d'une barri\u00e8re flottante (barrage flottant). C\u2019est le seul projet capable de fonctionner que je connaisse, Mr Jimenez propose un outil innovant et efficace pour aider \u00e0 mod\u00e9rer l'afflux des sargasses qui impacte actuellement les Cara\u00efbes et la r\u00e9gion du golfe du Mexique. Un probl\u00e8me, apparu en 2011, qui n\u2019est malheureusement plus une exception mais la nouvelle norme. Le \"Sargaboat\" pourrait \u00e9galement \u00eatre un excellent outil pour recueillir d'autres plantes flottantes invasives telles que la Salvinia g\u00e9ant qui envahie des lacs tels que celui de Caddo Lake, Texas, \u00c9tats-Unis.<\/em>\n\n<em>Je crois fermement \u00e0 cette approche proactive. Je recommande aux personnes concern\u00e9es par ce probl\u00e8me d\u2019examiner de pr\u00e8s le concept du \"Sargaboat\" et de rencontrer Denis Jimenez, ou son repr\u00e9sentant, pour d\u00e9couvrir pleinement les avantages de cette technologie innovante.<\/em>\n\n<em>Cordialement,<\/em>\n\n<em>Brian Lapointe Physicien Docteur<\/em>\n<em>Professeur de Recherche \"<\/em>\n\nBrian E. Lapointe - <a href=\"http:\/\/theoceancleaner.fr\/who-is-brian-lapointe\/\" target=\"_blank\" rel=\"noopener noreferrer\">Chercheur, Docteur en Biologie, Professeur \u00e0 l'Universit\u00e9 \"Florida Atlantic University\"<\/a>\n<h3 style=\"text-align: center;\">Contactez nous !<\/h3>\n<p style=\"text-align: center;\"><img class=\"alignnone wp-image-2543 size-full\" src=\"http:\/\/nouveau.theoceancleaner.fr\/wp-content\/uploads\/2021\/03\/TOC-blc-logo-BBG-mer.png\" alt=\"\" width=\"2248\" height=\"1306\" \/><\/p>","_et_gb_content_width":"","_monsterinsights_skip_tracking":false,"_monsterinsights_sitenote_active":false,"_monsterinsights_sitenote_note":"","_monsterinsights_sitenote_category":0,"footnotes":""},"class_list":["post-25","page","type-page","status-publish","hentry"],"aioseo_notices":[],"_links":{"self":[{"href":"https:\/\/theoceancleaner.fr\/fr\/wp-json\/wp\/v2\/pages\/25","targetHints":{"allow":["GET"]}}],"collection":[{"href":"https:\/\/theoceancleaner.fr\/fr\/wp-json\/wp\/v2\/pages"}],"about":[{"href":"https:\/\/theoceancleaner.fr\/fr\/wp-json\/wp\/v2\/types\/page"}],"author":[{"embeddable":true,"href":"https:\/\/theoceancleaner.fr\/fr\/wp-json\/wp\/v2\/users\/3"}],"replies":[{"embeddable":true,"href":"https:\/\/theoceancleaner.fr\/fr\/wp-json\/wp\/v2\/comments?post=25"}],"version-history":[{"count":0,"href":"https:\/\/theoceancleaner.fr\/fr\/wp-json\/wp\/v2\/pages\/25\/revisions"}],"wp:attachment":[{"href":"https:\/\/theoceancleaner.fr\/fr\/wp-json\/wp\/v2\/media?parent=25"}],"curies":[{"name":"wp","href":"https:\/\/api.w.org\/{rel}","templated":true}]}}