{"id":2580,"date":"2021-09-17T15:20:42","date_gmt":"2021-09-17T15:20:42","guid":{"rendered":"https:\/\/theoceancleaner.fr\/?page_id=2580"},"modified":"2023-01-11T22:38:20","modified_gmt":"2023-01-11T21:38:20","slug":"dossier-de-presse","status":"publish","type":"page","link":"https:\/\/theoceancleaner.fr\/fr\/dossier-de-presse\/","title":{"rendered":"Dossier de Presse"},"content":{"rendered":"<h3>Consultez et t\u00e9l\u00e9chargez notre dossier de presse !<\/h3>\n<p><a href=\"http:\/\/nouveau.theoceancleaner.fr\/wp-content\/uploads\/2021\/09\/Communique-de-presse-TOCFr-2021.pdf\"><img decoding=\"async\" class=\"alignnone wp-image-2587 size-medium\" src=\"http:\/\/nouveau.theoceancleaner.fr\/wp-content\/uploads\/2021\/09\/LOGO-PDF-TOC-bleu-FR-300x98.png\" alt=\"Dossier de Presse The Ocean Cleaner\" width=\"300\" height=\"98\" srcset=\"https:\/\/theoceancleaner.fr\/wp-content\/uploads\/2021\/09\/LOGO-PDF-TOC-bleu-FR-300x98.png 300w, https:\/\/theoceancleaner.fr\/wp-content\/uploads\/2021\/09\/LOGO-PDF-TOC-bleu-FR-1024x335.png 1024w, https:\/\/theoceancleaner.fr\/wp-content\/uploads\/2021\/09\/LOGO-PDF-TOC-bleu-FR-768x251.png 768w, https:\/\/theoceancleaner.fr\/wp-content\/uploads\/2021\/09\/LOGO-PDF-TOC-bleu-FR-1536x502.png 1536w, https:\/\/theoceancleaner.fr\/wp-content\/uploads\/2021\/09\/LOGO-PDF-TOC-bleu-FR-2048x670.png 2048w, https:\/\/theoceancleaner.fr\/wp-content\/uploads\/2021\/09\/LOGO-PDF-TOC-bleu-FR-1568x513.png 1568w\" sizes=\"(max-width: 300px) 100vw, 300px\" \/><\/a><\/p>\n<p><a href=\"https:\/\/theoceancleaner.fr\/wp-content\/uploads\/2023\/01\/communique-de-presse-TOC-2023.pdf\">Communique-de-presse-TOCFr-2021<\/a><\/p>\n<p>N&#8217;h\u00e9sitez pas \u00e0 <a href=\"https:\/\/theoceancleaner.fr\/fr\/contact-us\/\">nous contacter<\/a> pour plus de renseignements.<\/p>","protected":false},"excerpt":{"rendered":"<p>Consultez et t\u00e9l\u00e9chargez notre dossier de presse ! Communique-de-presse-TOCFr-2021 N&#8217;h\u00e9sitez pas \u00e0 nous contacter pour plus de renseignements.<\/p>","protected":false},"author":3,"featured_media":0,"parent":0,"menu_order":0,"comment_status":"closed","ping_status":"closed","template":"","meta":{"_et_pb_use_builder":"","_et_pb_old_content":"","_et_gb_content_width":"","_monsterinsights_skip_tracking":false,"_monsterinsights_sitenote_active":false,"_monsterinsights_sitenote_note":"","_monsterinsights_sitenote_category":0,"footnotes":""},"class_list":["post-2580","page","type-page","status-publish","hentry"],"aioseo_notices":[],"_links":{"self":[{"href":"https:\/\/theoceancleaner.fr\/fr\/wp-json\/wp\/v2\/pages\/2580","targetHints":{"allow":["GET"]}}],"collection":[{"href":"https:\/\/theoceancleaner.fr\/fr\/wp-json\/wp\/v2\/pages"}],"about":[{"href":"https:\/\/theoceancleaner.fr\/fr\/wp-json\/wp\/v2\/types\/page"}],"author":[{"embeddable":true,"href":"https:\/\/theoceancleaner.fr\/fr\/wp-json\/wp\/v2\/users\/3"}],"replies":[{"embeddable":true,"href":"https:\/\/theoceancleaner.fr\/fr\/wp-json\/wp\/v2\/comments?post=2580"}],"version-history":[{"count":0,"href":"https:\/\/theoceancleaner.fr\/fr\/wp-json\/wp\/v2\/pages\/2580\/revisions"}],"wp:attachment":[{"href":"https:\/\/theoceancleaner.fr\/fr\/wp-json\/wp\/v2\/media?parent=2580"}],"curies":[{"name":"wp","href":"https:\/\/api.w.org\/{rel}","templated":true}]}}