{"id":455,"date":"2016-04-05T14:32:21","date_gmt":"2016-04-05T14:32:21","guid":{"rendered":"https:\/\/theoceancleaner.wordpress.com\/?page_id=455"},"modified":"2022-01-17T22:12:52","modified_gmt":"2022-01-17T21:12:52","slug":"plastic-recycling-green-reef","status":"publish","type":"page","link":"https:\/\/theoceancleaner.fr\/fr\/plastic-recycling-green-reef\/","title":{"rendered":"Recyclage Plastiques &#038; Green Reef\u00a9"},"content":{"rendered":"\n[et_pb_section][et_pb_row][et_pb_column type=&#8221;4_4&#8243;][et_pb_text]<h3><\/h3>\n<h3>Ce que vous devez savoir :<\/h3>\n<ul>\n \t<li>nous devons recycler le plastique pour nettoyer la plan\u00e8te et pr\u00e9server les oc\u00e9ans (<a href=\"http:\/\/theoceancleaner.fr\/plastic-pollution-problem-2\/\" target=\"_blank\" rel=\"noopener noreferrer\">en savoir plus sur la pollution plastique<\/a>)<\/li>\n \t<li>nous devons \u00e9conomiser le sable (<a href=\"http:\/\/theoceancleaner.fr\/the-sand-war\/\" target=\"_blank\" rel=\"noopener noreferrer\">en savoir plus sur le probl\u00e8me du sable<\/a>)<\/li>\n \t<li>nous devons pr\u00e9venir la disparition des poissons dans les oc\u00e9ans<\/li>\n \t<li>nous devons reconstruire des abris \u00e0 poissons et du r\u00e9cif artificiel pour repeupler les oc\u00e9ans<\/li>\n \t<li>nous devons r\u00e9duire l\u2019\u00e9rosion du littoral et des plages<\/li>\n<\/ul>\nTenant compte de tous ces points importants, nous proposons une id\u00e9e innovante pour recycler le plastique !\n<h2>Transformer la Pollution Plastique en Protection Marine<\/h2>\nLa quantit\u00e9 de plastique \u00e0 recycler est \u00e9norme. Il est essentiel de mettre au point de multiples fa\u00e7ons de recycler sans polluer la plan\u00e8te et les oc\u00e9ans.\n\nComme vous l&#8217;avez vu sur cette petite vid\u00e9o, en introduisant des particules de plastique dans le b\u00e9ton, pour les constructions non-structurelles, nous faisons un grand pas dans la bonne direction !\n\nAvec ce b\u00e9ton sp\u00e9cial, nous voulons lancer la production de r\u00e9cifs artificiels &#8220;\u00e9cologiques&#8221; :&nbsp;<span style=\"color: #339966;\"><strong>Green Reef<\/strong>\u00a9<\/span>\n\n<strong>Nous n&#8217;avons pas invent\u00e9 le r\u00e9cif artificiel. Notre id\u00e9e est de remplacer une partie du sable dans le b\u00e9ton par des particules de plastique recycl\u00e9, et ainsi fabriquer des r\u00e9cifs artificiels que nous appelons : &#8220;<span style=\"color: #339966;\">Green Reef<\/span><\/strong><span style=\"color: #339966;\">\u00a9<\/span><strong>&#8220;<\/strong>\n\nPour voir le rapport scientifique sur l&#8217;introduction de d\u00e9chets plastiques dans le b\u00e9ton :&nbsp;&nbsp; <a href=\"http:\/\/theoceancleaner.fr\/green-concrete-using-plastic-waste\/\" target=\"_blank\" rel=\"noopener noreferrer\">clickez ici<\/a> !\n<ul>\n \t<li><span style=\"text-decoration: underline;\">A propos des r\u00e9cifs artificiels en b\u00e9ton :<\/span><\/li>\n<\/ul>\nL.E. Harris, expert du littoral et en oc\u00e9anographie, Ing\u00e9nieur et professeur agr\u00e9g\u00e9 de g\u00e9nie oc\u00e9anique au d\u00e9partement des \u00e9cosyst\u00e8mes marins et de l&#8217;environnement, Florida Institute of Technology a dit:\n\n&#8221;&nbsp;<em>Les r\u00e9cifs artificiels ont \u00e9t\u00e9 utilis\u00e9s avec succ\u00e8s pour construire des digues submerg\u00e9es pour stabiliser les berges. Ce syst\u00e8me imite les r\u00e9cifs naturels et reduit la puissance des vagues qui atteignent le rivage. Des consid\u00e9rations de conception sp\u00e9ciales sont n\u00e9cessaires pour assurer que les r\u00e9cifs artificiels seront stables, durables, pour aboutir aux fins pr\u00e9vues. L&#8217;ancrage des r\u00e9cifs peut \u00eatre n\u00e9cessaire en eau peu profonde ou en raison des forces g\u00e9n\u00e9r\u00e9es par les grandes vagues ou des courants forts. En plus de la protection de l&#8217;\u00e9rosion c\u00f4ti\u00e8re et de l&#8217;environnement, les r\u00e9cifs artificiels participent \u00e0 l&#8217;aquaculture et fournissent des infrastructures de loisirs. Ils r\u00e9duisent la d\u00e9gradation environnementale et mettent en valeur l&#8217;habitat marin en attirant toutes formes de vie marines, s\u00e9dentaires et p\u00e9lagiques. Cr\u00e9ant aussi un attrait pour les loisirs nautiques tels que la natation, la plong\u00e9e en apn\u00e9e ou en bouteille&#8221;.<\/em>\n\n[metaslider id=1899]\n\n<strong>Nous \u00e9tudions la possibilit\u00e9 d&#8217;utiliser les <span style=\"color: #339966;\">Green Reef\u00a9<\/span> comme ancrage de filets flottants comme vous pouvez le voir sur la photo ci-dessous.<\/strong>\n\n<div id=\"attachment_451\" style=\"width: 1034px\" class=\"wp-caption alignnone\"><img decoding=\"async\" aria-describedby=\"caption-attachment-451\" class=\"size-full wp-image-451\" src=\"http:\/\/nouveau.theoceancleaner.fr\/wp-content\/uploads\/2016\/04\/floating-barrier1.png\" alt=\"The special floating barrier lets the sea turtles and other marine life pass below\" width=\"1024\" height=\"1024\"><p id=\"caption-attachment-451\" class=\"wp-caption-text\">The special floating barrier<\/p><\/div>\n\nAutres utilisations possibles de notre b\u00e9ton sp\u00e9cial :\n\nNous pouvons \u00e9galement recycler des tonnes de plastique et \u00e9conomiser des tonnes de sable en incorporant des granul\u00e9s de plastique dans le b\u00e9ton pour fabriquer des milliers de T\u00e9trapodes.\n\nLes T\u00e9trapodes sont utilis\u00e9s partout dans le monde pour prot\u00e9ger les structures maritimes et pour construire des jet\u00e9es.\n\n<div id=\"attachment_857\" style=\"width: 310px\" class=\"wp-caption aligncenter\"><img decoding=\"async\" aria-describedby=\"caption-attachment-857\" class=\"wp-image-857 size-medium\" src=\"http:\/\/theoceancleaner.fr\/wp-content\/uploads\/2016\/04\/tetrapode-1-300x225.jpg\" alt=\"Tetrapods 2\" width=\"300\" height=\"225\" srcset=\"https:\/\/theoceancleaner.fr\/wp-content\/uploads\/2016\/04\/tetrapode-1-300x225.jpg 300w, https:\/\/theoceancleaner.fr\/wp-content\/uploads\/2016\/04\/tetrapode-1.jpg 640w\" sizes=\"(max-width: 300px) 100vw, 300px\" \/><p id=\"caption-attachment-857\" class=\"wp-caption-text\">Tetrapods<\/p><\/div>\n\n<div id=\"attachment_856\" style=\"width: 260px\" class=\"wp-caption aligncenter\"><img decoding=\"async\" aria-describedby=\"caption-attachment-856\" class=\"size-full wp-image-856\" src=\"http:\/\/nouveau.theoceancleaner.fr\/wp-content\/uploads\/2016\/04\/tetrapode.jpg\" alt=\"Tetrapods\" width=\"250\" height=\"250\" srcset=\"https:\/\/theoceancleaner.fr\/wp-content\/uploads\/2016\/04\/tetrapode.jpg 250w, https:\/\/theoceancleaner.fr\/wp-content\/uploads\/2016\/04\/tetrapode-150x150.jpg 150w\" sizes=\"(max-width: 250px) 100vw, 250px\" \/><p id=\"caption-attachment-856\" class=\"wp-caption-text\">Tetrapods<\/p><\/div>\n\nAutres id\u00e9es pour \u00e9conomiser le sable et recycler les d\u00e9chets plastique :\n\n[metaslider id=1914]\n<h3 style=\"text-align: center;\">Contactez nous !<\/h3>\n<img decoding=\"async\" class=\"alignnone wp-image-2543 size-full\" src=\"http:\/\/nouveau.theoceancleaner.fr\/wp-content\/uploads\/2021\/03\/TOC-blc-logo-BBG-mer.png\" alt=\"\" width=\"2248\" height=\"1306\" srcset=\"https:\/\/theoceancleaner.fr\/wp-content\/uploads\/2021\/03\/TOC-blc-logo-BBG-mer.png 2248w, https:\/\/theoceancleaner.fr\/wp-content\/uploads\/2021\/03\/TOC-blc-logo-BBG-mer-300x174.png 300w, https:\/\/theoceancleaner.fr\/wp-content\/uploads\/2021\/03\/TOC-blc-logo-BBG-mer-1024x595.png 1024w, https:\/\/theoceancleaner.fr\/wp-content\/uploads\/2021\/03\/TOC-blc-logo-BBG-mer-768x446.png 768w, https:\/\/theoceancleaner.fr\/wp-content\/uploads\/2021\/03\/TOC-blc-logo-BBG-mer-1536x892.png 1536w, https:\/\/theoceancleaner.fr\/wp-content\/uploads\/2021\/03\/TOC-blc-logo-BBG-mer-2048x1190.png 2048w, https:\/\/theoceancleaner.fr\/wp-content\/uploads\/2021\/03\/TOC-blc-logo-BBG-mer-1568x911.png 1568w\" sizes=\"(max-width: 2248px) 100vw, 2248px\" \/>[\/et_pb_text][\/et_pb_column][\/et_pb_row][\/et_pb_section]\n","protected":false},"excerpt":{"rendered":"<p><div class=\"et_pb_section et_pb_section_0 et_section_regular\" >\n\t\t\t\t\n\t\t\t\t\n\t\t\t\t\n\t\t\t\t\n\t\t\t\t\n\t\t\t\t\n\t\t\t\t\n\t\t\t\t\n\t\t\t\t\n\t\t\t<\/div><div class=\"et_pb_row et_pb_row_0 et_pb_row_empty\">\n\t\t\t\t\n\t\t\t\t\n\t\t\t\t\n\t\t\t\t\n\t\t\t\t\n\t\t\t<\/div><div class=\"et_pb_module et_pb_text et_pb_text_0  et_pb_text_align_left et_pb_bg_layout_light\">\n\t\t\t\t\n\t\t\t\t\n\t\t\t\t\n\t\t\t\t\n\t\t\t\t\n\t\t\t<\/div> Ce que vous devez savoir : nous devons recycler le plastique pour nettoyer la plan\u00e8te et pr\u00e9server les oc\u00e9ans (en savoir plus sur la pollution plastique) nous devons \u00e9conomiser le sable (en savoir plus sur le probl\u00e8me du sable) nous devons pr\u00e9venir la disparition des poissons dans les oc\u00e9ans nous devons reconstruire des abris [&hellip;]<\/p>\n","protected":false},"author":3,"featured_media":0,"parent":0,"menu_order":0,"comment_status":"closed","ping_status":"closed","template":"","meta":{"_et_pb_use_builder":"on","_et_pb_old_content":"<h3><\/h3>\n<h3>Ce que vous devez savoir :<\/h3>\n<ul>\n \t<li>nous devons recycler le plastique pour nettoyer la plan\u00e8te et pr\u00e9server les oc\u00e9ans (<a href=\"http:\/\/theoceancleaner.fr\/plastic-pollution-problem-2\/\" target=\"_blank\" rel=\"noopener noreferrer\">en savoir plus sur la pollution plastique<\/a>)<\/li>\n \t<li>nous devons \u00e9conomiser le sable (<a href=\"http:\/\/theoceancleaner.fr\/the-sand-war\/\" target=\"_blank\" rel=\"noopener noreferrer\">en savoir plus sur le probl\u00e8me du sable<\/a>)<\/li>\n \t<li>nous devons pr\u00e9venir la disparition des poissons dans les oc\u00e9ans<\/li>\n \t<li>nous devons reconstruire des abris \u00e0 poissons et du r\u00e9cif artificiel pour repeupler les oc\u00e9ans<\/li>\n \t<li>nous devons r\u00e9duire l\u2019\u00e9rosion du littoral et des plages<\/li>\n<\/ul>\nTenant compte de tous ces points importants, nous proposons une id\u00e9e innovante pour recycler le plastique !\n<h2>Transformer la Pollution Plastique en Protection Marine<\/h2>\nLa quantit\u00e9 de plastique \u00e0 recycler est \u00e9norme. Il est essentiel de mettre au point de multiples fa\u00e7ons de recycler sans polluer la plan\u00e8te et les oc\u00e9ans.\n\nComme vous l'avez vu sur cette petite vid\u00e9o, en introduisant des particules de plastique dans le b\u00e9ton, pour les constructions non-structurelles, nous faisons un grand pas dans la bonne direction !\n\nAvec ce b\u00e9ton sp\u00e9cial, nous voulons lancer la production de r\u00e9cifs artificiels \"\u00e9cologiques\" :&nbsp;<span style=\"color: #339966;\"><strong>Green Reef<\/strong>\u00a9<\/span>\n\n<strong>Nous n'avons pas invent\u00e9 le r\u00e9cif artificiel. Notre id\u00e9e est de remplacer une partie du sable dans le b\u00e9ton par des particules de plastique recycl\u00e9, et ainsi fabriquer des r\u00e9cifs artificiels que nous appelons : \"<span style=\"color: #339966;\">Green Reef<\/span><\/strong><span style=\"color: #339966;\">\u00a9<\/span><strong>\"<\/strong>\n\nPour voir le rapport scientifique sur l'introduction de d\u00e9chets plastiques dans le b\u00e9ton :&nbsp;&nbsp; <a href=\"http:\/\/theoceancleaner.fr\/green-concrete-using-plastic-waste\/\" target=\"_blank\" rel=\"noopener noreferrer\">clickez ici<\/a> !\n<ul>\n \t<li><span style=\"text-decoration: underline;\">A propos des r\u00e9cifs artificiels en b\u00e9ton :<\/span><\/li>\n<\/ul>\nL.E. Harris, expert du littoral et en oc\u00e9anographie, Ing\u00e9nieur et professeur agr\u00e9g\u00e9 de g\u00e9nie oc\u00e9anique au d\u00e9partement des \u00e9cosyst\u00e8mes marins et de l'environnement, Florida Institute of Technology a dit:\n\n\"&nbsp;<em>Les r\u00e9cifs artificiels ont \u00e9t\u00e9 utilis\u00e9s avec succ\u00e8s pour construire des digues submerg\u00e9es pour stabiliser les berges. Ce syst\u00e8me imite les r\u00e9cifs naturels et reduit la puissance des vagues qui atteignent le rivage. Des consid\u00e9rations de conception sp\u00e9ciales sont n\u00e9cessaires pour assurer que les r\u00e9cifs artificiels seront stables, durables, pour aboutir aux fins pr\u00e9vues. L'ancrage des r\u00e9cifs peut \u00eatre n\u00e9cessaire en eau peu profonde ou en raison des forces g\u00e9n\u00e9r\u00e9es par les grandes vagues ou des courants forts. En plus de la protection de l'\u00e9rosion c\u00f4ti\u00e8re et de l'environnement, les r\u00e9cifs artificiels participent \u00e0 l'aquaculture et fournissent des infrastructures de loisirs. Ils r\u00e9duisent la d\u00e9gradation environnementale et mettent en valeur l'habitat marin en attirant toutes formes de vie marines, s\u00e9dentaires et p\u00e9lagiques. Cr\u00e9ant aussi un attrait pour les loisirs nautiques tels que la natation, la plong\u00e9e en apn\u00e9e ou en bouteille\".<\/em>\n\n[metaslider id=1899]\n\n<strong>Nous \u00e9tudions la possibilit\u00e9 d'utiliser les <span style=\"color: #339966;\">Green Reef\u00a9<\/span> comme ancrage de filets flottants comme vous pouvez le voir sur la photo ci-dessous.<\/strong>\n\n[caption id=\"attachment_451\" align=\"alignnone\" width=\"1024\"]<img class=\"size-full wp-image-451\" src=\"http:\/\/nouveau.theoceancleaner.fr\/wp-content\/uploads\/2016\/04\/floating-barrier1.png\" alt=\"The special floating barrier lets the sea turtles and other marine life pass below\" width=\"1024\" height=\"1024\"> The special floating barrier[\/caption]\n\nAutres utilisations possibles de notre b\u00e9ton sp\u00e9cial :\n\nNous pouvons \u00e9galement recycler des tonnes de plastique et \u00e9conomiser des tonnes de sable en incorporant des granul\u00e9s de plastique dans le b\u00e9ton pour fabriquer des milliers de T\u00e9trapodes.\n\nLes T\u00e9trapodes sont utilis\u00e9s partout dans le monde pour prot\u00e9ger les structures maritimes et pour construire des jet\u00e9es.\n\n[caption id=\"attachment_857\" align=\"aligncenter\" width=\"300\"]<img class=\"wp-image-857 size-medium\" src=\"http:\/\/theoceancleaner.fr\/wp-content\/uploads\/2016\/04\/tetrapode-1-300x225.jpg\" alt=\"Tetrapods 2\" width=\"300\" height=\"225\"> Tetrapods[\/caption]\n\n[caption id=\"attachment_856\" align=\"aligncenter\" width=\"250\"]<img class=\"size-full wp-image-856\" src=\"http:\/\/nouveau.theoceancleaner.fr\/wp-content\/uploads\/2016\/04\/tetrapode.jpg\" alt=\"Tetrapods\" width=\"250\" height=\"250\"> Tetrapods[\/caption]\n\nAutres id\u00e9es pour \u00e9conomiser le sable et recycler les d\u00e9chets plastique :\n\n[metaslider id=1914]\n<h3 style=\"text-align: center;\">Contactez nous !<\/h3>\n<img class=\"alignnone wp-image-2543 size-full\" src=\"http:\/\/nouveau.theoceancleaner.fr\/wp-content\/uploads\/2021\/03\/TOC-blc-logo-BBG-mer.png\" alt=\"\" width=\"2248\" height=\"1306\">","_et_gb_content_width":"","_monsterinsights_skip_tracking":false,"_monsterinsights_sitenote_active":false,"_monsterinsights_sitenote_note":"","_monsterinsights_sitenote_category":0,"footnotes":""},"class_list":["post-455","page","type-page","status-publish","hentry"],"aioseo_notices":[],"_links":{"self":[{"href":"https:\/\/theoceancleaner.fr\/fr\/wp-json\/wp\/v2\/pages\/455","targetHints":{"allow":["GET"]}}],"collection":[{"href":"https:\/\/theoceancleaner.fr\/fr\/wp-json\/wp\/v2\/pages"}],"about":[{"href":"https:\/\/theoceancleaner.fr\/fr\/wp-json\/wp\/v2\/types\/page"}],"author":[{"embeddable":true,"href":"https:\/\/theoceancleaner.fr\/fr\/wp-json\/wp\/v2\/users\/3"}],"replies":[{"embeddable":true,"href":"https:\/\/theoceancleaner.fr\/fr\/wp-json\/wp\/v2\/comments?post=455"}],"version-history":[{"count":0,"href":"https:\/\/theoceancleaner.fr\/fr\/wp-json\/wp\/v2\/pages\/455\/revisions"}],"wp:attachment":[{"href":"https:\/\/theoceancleaner.fr\/fr\/wp-json\/wp\/v2\/media?parent=455"}],"curies":[{"name":"wp","href":"https:\/\/api.w.org\/{rel}","templated":true}]}}